{"id":174,"date":"2023-02-28T22:15:35","date_gmt":"2023-02-28T21:15:35","guid":{"rendered":"https:\/\/www.rt418.fr\/?page_id=174"},"modified":"2023-02-28T22:15:35","modified_gmt":"2023-02-28T21:15:35","slug":"saison-2023","status":"publish","type":"page","link":"https:\/\/www.rt418.fr\/index.php\/saison-2023\/","title":{"rendered":"Saison 2023"},"content":{"rendered":"\n<div class=\"is-layout-flex wp-container-2 wp-block-columns\">\n<div class=\"is-layout-flow wp-block-column\">\n<p class=\"has-medium-font-size\"><strong>R\u00e9sum\u00e9 de la saison 2022 :<\/strong><\/p>\n\n\n\n<p class=\"has-medium-font-size\">Guillaume LECOQ :<\/p>\n\n\n\n<ul><li>Double podium \u00e0 la Challenger Academy 2022 sur le circuit du Vigeant<\/li><li>Am\u00e9lioration des chronos et passage sous les 1&rsquo;55&rsquo;<\/li><\/ul>\n\n\n\n<p class=\"has-medium-font-size\">Samuel FONTENEAU :<\/p>\n\n\n\n<ul><li>Am\u00e9lioration des chronos avec la KTM Duke 790 pour se rapprocher des 2&rsquo;00&rsquo;<\/li><li>Achat d&rsquo;une Yamaha MT-09 et test de roulage sur le circuit de Fontenay<\/li><\/ul>\n<\/div>\n<\/div>\n\n\n\n<div class=\"is-layout-flow wp-block-group\"><div class=\"wp-block-group__inner-container\">\n<div class=\"is-layout-flex wp-container-7 wp-block-columns\">\n<div class=\"is-layout-flow wp-block-column\">\n<p class=\"has-text-align-center has-large-font-size\"><strong>NOS OBJECTIFS EN 2023<\/strong><\/p>\n\n\n\n<div class=\"wp-block-image\"><figure class=\"aligncenter size-large\"><img decoding=\"async\" loading=\"lazy\" width=\"728\" height=\"1024\" src=\"https:\/\/www.rt418.fr\/wp-content\/uploads\/2023\/02\/affiche_CLNA-728x1024.jpeg\" alt=\"\" class=\"wp-image-177\" srcset=\"https:\/\/www.rt418.fr\/wp-content\/uploads\/2023\/02\/affiche_CLNA-728x1024.jpeg 728w, https:\/\/www.rt418.fr\/wp-content\/uploads\/2023\/02\/affiche_CLNA-213x300.jpeg 213w, https:\/\/www.rt418.fr\/wp-content\/uploads\/2023\/02\/affiche_CLNA-768x1081.jpeg 768w, https:\/\/www.rt418.fr\/wp-content\/uploads\/2023\/02\/affiche_CLNA-1091x1536.jpeg 1091w, https:\/\/www.rt418.fr\/wp-content\/uploads\/2023\/02\/affiche_CLNA-1024x1441.jpeg 1024w, https:\/\/www.rt418.fr\/wp-content\/uploads\/2023\/02\/affiche_CLNA-767x1080.jpeg 767w, https:\/\/www.rt418.fr\/wp-content\/uploads\/2023\/02\/affiche_CLNA.jpeg 1455w\" sizes=\"(max-width: 728px) 100vw, 728px\" \/><\/figure><\/div>\n\n\n\n<br \/>\n<br \/>\n<br \/>\n<br \/>\n\n\n\n<div class=\"is-layout-flex wp-container-5 wp-block-columns\">\n<div class=\"is-layout-flow wp-block-column\">\n<p class=\"has-text-align-center has-large-font-size\"><strong>Guillaume LECOQ<\/strong><\/p>\n\n\n\n<p class=\"has-text-align-center has-medium-font-size\">Participation au Championnat de Ligue de Nouvelle-Aquitaine en cat\u00e9gorie 600<\/p>\n<\/div>\n\n\n\n<div class=\"is-layout-flow wp-block-column\">\n<p class=\"has-text-align-center has-large-font-size\"><strong>Samuel FONTENEAU<\/strong><\/p>\n\n\n\n<p class=\"has-text-align-center has-medium-font-size\">Participation \u00e0 la course au Vigeant du Championnat en cat\u00e9gorie 1000<\/p>\n<\/div>\n<\/div>\n<\/div>\n<\/div>\n<\/div><\/div>\n\n\n\n<p><\/p>\n","protected":false},"excerpt":{"rendered":"<p>R\u00e9sum\u00e9 de la saison 2022 : Guillaume LECOQ : Double podium \u00e0 la Challenger Academy 2022 sur le circuit du Vigeant Am\u00e9lioration des chronos et passage sous les 1&rsquo;55&rsquo; Samuel FONTENEAU : Am\u00e9lioration des chronos avec la KTM Duke 790 pour se rapprocher des 2&rsquo;00&rsquo; Achat d&rsquo;une Yamaha MT-09 et test de roulage sur le&hellip; <br \/> <a class=\"read-more\" href=\"https:\/\/www.rt418.fr\/index.php\/saison-2023\/\">Lire la suite<\/a><\/p>\n","protected":false},"author":1,"featured_media":58,"parent":0,"menu_order":0,"comment_status":"closed","ping_status":"closed","template":"","meta":[],"_links":{"self":[{"href":"https:\/\/www.rt418.fr\/index.php\/wp-json\/wp\/v2\/pages\/174"}],"collection":[{"href":"https:\/\/www.rt418.fr\/index.php\/wp-json\/wp\/v2\/pages"}],"about":[{"href":"https:\/\/www.rt418.fr\/index.php\/wp-json\/wp\/v2\/types\/page"}],"author":[{"embeddable":true,"href":"https:\/\/www.rt418.fr\/index.php\/wp-json\/wp\/v2\/users\/1"}],"replies":[{"embeddable":true,"href":"https:\/\/www.rt418.fr\/index.php\/wp-json\/wp\/v2\/comments?post=174"}],"version-history":[{"count":9,"href":"https:\/\/www.rt418.fr\/index.php\/wp-json\/wp\/v2\/pages\/174\/revisions"}],"predecessor-version":[{"id":184,"href":"https:\/\/www.rt418.fr\/index.php\/wp-json\/wp\/v2\/pages\/174\/revisions\/184"}],"wp:featuredmedia":[{"embeddable":true,"href":"https:\/\/www.rt418.fr\/index.php\/wp-json\/wp\/v2\/media\/58"}],"wp:attachment":[{"href":"https:\/\/www.rt418.fr\/index.php\/wp-json\/wp\/v2\/media?parent=174"}],"curies":[{"name":"wp","href":"https:\/\/api.w.org\/{rel}","templated":true}]}}