{"id":18,"date":"2021-12-06T22:22:47","date_gmt":"2021-12-06T21:22:47","guid":{"rendered":"http:\/\/www.rt418.fr\/?page_id=18"},"modified":"2022-03-13T22:14:45","modified_gmt":"2022-03-13T21:14:45","slug":"le-nouveau-e-mucem-ouvre-ses-portes-2","status":"publish","type":"page","link":"https:\/\/www.rt418.fr\/","title":{"rendered":"Apr\u00e8s 5 ans de pratique, nous nous lan\u00e7ons dans la comp\u00e9tition avec pour premier objectif : la VIP Race sur le circuit de Haute Saintonge"},"content":{"rendered":"\n<div class=\"is-layout-flex wp-container-2 wp-block-columns\">\n<div class=\"is-layout-flow wp-block-column\" style=\"flex-basis:100%\">\n<div class=\"wp-block-image\"><figure class=\"aligncenter size-large is-resized\"><img decoding=\"async\" loading=\"lazy\" src=\"https:\/\/www.rt418.fr\/wp-content\/uploads\/2021\/12\/Guillaume_3-1024x768.jpg\" alt=\"\" class=\"wp-image-58\" width=\"836\" height=\"627\" srcset=\"https:\/\/www.rt418.fr\/wp-content\/uploads\/2021\/12\/Guillaume_3-1024x768.jpg 1024w, https:\/\/www.rt418.fr\/wp-content\/uploads\/2021\/12\/Guillaume_3-300x225.jpg 300w, https:\/\/www.rt418.fr\/wp-content\/uploads\/2021\/12\/Guillaume_3-768x576.jpg 768w, https:\/\/www.rt418.fr\/wp-content\/uploads\/2021\/12\/Guillaume_3-1536x1152.jpg 1536w, https:\/\/www.rt418.fr\/wp-content\/uploads\/2021\/12\/Guillaume_3-2048x1536.jpg 2048w, https:\/\/www.rt418.fr\/wp-content\/uploads\/2021\/12\/Guillaume_3-1440x1080.jpg 1440w\" sizes=\"(max-width: 836px) 100vw, 836px\" \/><figcaption>De gauche \u00e0 droite : Yamaha YZF-R6 (Samuel) &#8211; KTM RC8 (Herv\u00e9) &#8211; Suzuki GSX-R 600 (Guillaume) sur la pitlane du circuit Bugatti au Mans<\/figcaption><\/figure><\/div>\n<\/div>\n<\/div>\n\n\n\n<div id=\"pilotes\" class=\"is-layout-flow wp-block-group\"><div class=\"wp-block-group__inner-container\">\n<p class=\"has-large-font-size\"><strong>Pilote n\u00b01 : Guillaume LECOQ<\/strong><\/p>\n\n\n\n<figure class=\"wp-block-image size-large\"><img decoding=\"async\" loading=\"lazy\" width=\"1024\" height=\"576\" src=\"https:\/\/www.rt418.fr\/wp-content\/uploads\/2021\/12\/Guillaume_2-1024x576.jpg\" alt=\"\" class=\"wp-image-59\" srcset=\"https:\/\/www.rt418.fr\/wp-content\/uploads\/2021\/12\/Guillaume_2-1024x576.jpg 1024w, https:\/\/www.rt418.fr\/wp-content\/uploads\/2021\/12\/Guillaume_2-300x169.jpg 300w, https:\/\/www.rt418.fr\/wp-content\/uploads\/2021\/12\/Guillaume_2-768x432.jpg 768w, https:\/\/www.rt418.fr\/wp-content\/uploads\/2021\/12\/Guillaume_2-1536x864.jpg 1536w, https:\/\/www.rt418.fr\/wp-content\/uploads\/2021\/12\/Guillaume_2-2048x1152.jpg 2048w, https:\/\/www.rt418.fr\/wp-content\/uploads\/2021\/12\/Guillaume_2-1920x1080.jpg 1920w\" sizes=\"(max-width: 1024px) 100vw, 1024px\" \/><\/figure>\n<\/div><\/div>\n\n\n\n<div class=\"is-layout-flow wp-block-group\"><div class=\"wp-block-group__inner-container\">\n<p class=\"has-text-align-right has-large-font-size\"><strong>Pilote n\u00b02 : Samuel FONTENEAU<\/strong><\/p>\n\n\n\n<div class=\"wp-block-image\"><figure class=\"alignright size-large\"><img decoding=\"async\" loading=\"lazy\" width=\"1024\" height=\"683\" src=\"https:\/\/www.rt418.fr\/wp-content\/uploads\/2021\/12\/ELO_4258-1024x683.jpg\" alt=\"\" class=\"wp-image-28\" srcset=\"https:\/\/www.rt418.fr\/wp-content\/uploads\/2021\/12\/ELO_4258-1024x683.jpg 1024w, https:\/\/www.rt418.fr\/wp-content\/uploads\/2021\/12\/ELO_4258-300x200.jpg 300w, https:\/\/www.rt418.fr\/wp-content\/uploads\/2021\/12\/ELO_4258-768x512.jpg 768w, https:\/\/www.rt418.fr\/wp-content\/uploads\/2021\/12\/ELO_4258-1536x1024.jpg 1536w, https:\/\/www.rt418.fr\/wp-content\/uploads\/2021\/12\/ELO_4258-2048x1365.jpg 2048w, https:\/\/www.rt418.fr\/wp-content\/uploads\/2021\/12\/ELO_4258-1200x800.jpg 1200w, https:\/\/www.rt418.fr\/wp-content\/uploads\/2021\/12\/ELO_4258-1980x1320.jpg 1980w\" sizes=\"(max-width: 1024px) 100vw, 1024px\" \/><\/figure><\/div>\n<\/div><\/div>\n\n\n\n<div class=\"wp-block-image\"><figure class=\"aligncenter size-large\"><img decoding=\"async\" loading=\"lazy\" width=\"768\" height=\"1024\" src=\"https:\/\/www.rt418.fr\/wp-content\/uploads\/2022\/03\/274842183_689220112231262_7098944195239171915_n-768x1024.jpg\" alt=\"\" class=\"wp-image-168\" srcset=\"https:\/\/www.rt418.fr\/wp-content\/uploads\/2022\/03\/274842183_689220112231262_7098944195239171915_n-768x1024.jpg 768w, https:\/\/www.rt418.fr\/wp-content\/uploads\/2022\/03\/274842183_689220112231262_7098944195239171915_n-225x300.jpg 225w, https:\/\/www.rt418.fr\/wp-content\/uploads\/2022\/03\/274842183_689220112231262_7098944195239171915_n-1152x1536.jpg 1152w, https:\/\/www.rt418.fr\/wp-content\/uploads\/2022\/03\/274842183_689220112231262_7098944195239171915_n-1024x1365.jpg 1024w, https:\/\/www.rt418.fr\/wp-content\/uploads\/2022\/03\/274842183_689220112231262_7098944195239171915_n-810x1080.jpg 810w, https:\/\/www.rt418.fr\/wp-content\/uploads\/2022\/03\/274842183_689220112231262_7098944195239171915_n.jpg 1536w\" sizes=\"(max-width: 768px) 100vw, 768px\" \/><figcaption>Guillaume et Samuel sur la pitlane du circuit de Haute Saintonge<\/figcaption><\/figure><\/div>\n\n\n\n<div class=\"is-layout-flow wp-block-group\"><div class=\"wp-block-group__inner-container\"><\/div><\/div>\n\n\n\n<h2 class=\"has-text-align-center\">Nos vid\u00e9os sont disponibles apr\u00e8s chaque journ\u00e9e sur la cha\u00eene YouTube de Samuel<\/h2>\n\n\n\n<figure class=\"wp-block-embed aligncenter is-type-video is-provider-youtube wp-block-embed-youtube wp-embed-aspect-16-9 wp-has-aspect-ratio\"><div class=\"wp-block-embed__wrapper\">\n<div class='embed-container'><iframe loading=\"lazy\" title=\"Samuel - freinage tardif sur le circuit de Fontenay le Comte\" width=\"1920\" height=\"1080\" src=\"https:\/\/www.youtube.com\/embed\/YrVE4fxIlbU?start=84&#038;feature=oembed\" frameborder=\"0\" allow=\"accelerometer; autoplay; clipboard-write; encrypted-media; gyroscope; picture-in-picture\" allowfullscreen><\/iframe><\/div>\n<\/div><\/figure>\n\n\n\n<div class=\"is-layout-flow wp-block-group has-black-color has-white-background-color has-text-color has-background\"><div class=\"wp-block-group__inner-container\">\n<h2 class=\"has-text-align-center\">Au cours de la journ\u00e9e, nous sommes visibles sur le paddock<\/h2>\n\n\n\n<figure class=\"wp-block-image alignwide size-large\"><img decoding=\"async\" loading=\"lazy\" width=\"1024\" height=\"768\" src=\"https:\/\/www.rt418.fr\/wp-content\/uploads\/2021\/12\/IMG_20210314_083343-1024x768.jpg\" alt=\"\" class=\"wp-image-72\" srcset=\"https:\/\/www.rt418.fr\/wp-content\/uploads\/2021\/12\/IMG_20210314_083343-1024x768.jpg 1024w, https:\/\/www.rt418.fr\/wp-content\/uploads\/2021\/12\/IMG_20210314_083343-300x225.jpg 300w, https:\/\/www.rt418.fr\/wp-content\/uploads\/2021\/12\/IMG_20210314_083343-768x576.jpg 768w, https:\/\/www.rt418.fr\/wp-content\/uploads\/2021\/12\/IMG_20210314_083343-1536x1152.jpg 1536w, https:\/\/www.rt418.fr\/wp-content\/uploads\/2021\/12\/IMG_20210314_083343-2048x1536.jpg 2048w, https:\/\/www.rt418.fr\/wp-content\/uploads\/2021\/12\/IMG_20210314_083343-1440x1080.jpg 1440w\" sizes=\"(max-width: 1024px) 100vw, 1024px\" \/><\/figure>\n<\/div><\/div>\n\n\n\n<div class=\"is-layout-flow wp-block-group has-black-color has-white-background-color has-text-color has-background\"><div class=\"wp-block-group__inner-container\">\n<h2 class=\"has-text-align-center\" id=\"partenaires\">Nos partenaires<\/h2>\n\n\n\n<div class=\"is-layout-flex wp-container-10 wp-block-columns are-vertically-aligned-center is-not-stacked-on-mobile has-text-align-center\">\n<div class=\"is-layout-flow wp-block-column is-vertically-aligned-center\"><\/div>\n\n\n\n<div class=\"is-layout-flow wp-block-column is-vertically-aligned-center\">\n<figure class=\"wp-block-image size-large is-resized\"><a href=\"https:\/\/www.ldcreation.fr\" target=\"_blank\" rel=\"https:\/\/www.ldcreation.fr noopener\"><img decoding=\"async\" loading=\"lazy\" src=\"https:\/\/www.rt418.fr\/wp-content\/uploads\/2022\/03\/logo_ldcreation-1024x249.png\" alt=\"\" class=\"wp-image-78\" width=\"224\" height=\"54\" srcset=\"https:\/\/www.rt418.fr\/wp-content\/uploads\/2022\/03\/logo_ldcreation-1024x249.png 1024w, https:\/\/www.rt418.fr\/wp-content\/uploads\/2022\/03\/logo_ldcreation-300x73.png 300w, https:\/\/www.rt418.fr\/wp-content\/uploads\/2022\/03\/logo_ldcreation-768x187.png 768w, https:\/\/www.rt418.fr\/wp-content\/uploads\/2022\/03\/logo_ldcreation.png 1124w\" sizes=\"(max-width: 224px) 100vw, 224px\" \/><\/a><\/figure>\n<\/div>\n\n\n\n<div class=\"is-layout-flow wp-block-column is-vertically-aligned-center\"><\/div>\n<\/div>\n\n\n\n<pre class=\"wp-block-verse has-text-align-center\">Un immense merci \u00e0 nos partenaires qui nous permettent d'avancer dans notre aventure !<\/pre>\n<\/div><\/div>\n\n\n\n<div class=\"is-layout-flow wp-block-group has-black-color has-white-background-color has-text-color has-background\"><div class=\"wp-block-group__inner-container\">\n<h2 class=\"has-text-align-center\" id=\"circuits\">Les circuits<\/h2>\n\n\n\n<div class=\"is-layout-flex wp-container-15 wp-block-columns are-vertically-aligned-center has-text-align-center\">\n<div class=\"is-layout-flow wp-block-column is-vertically-aligned-center\">\n<div class=\"wp-block-image\"><figure class=\"aligncenter size-thumbnail is-resized\"><img decoding=\"async\" loading=\"lazy\" src=\"https:\/\/www.rt418.fr\/wp-content\/uploads\/2022\/03\/trace_lemans-150x150.png\" alt=\"\" class=\"wp-image-87\" width=\"157\" height=\"157\" srcset=\"https:\/\/www.rt418.fr\/wp-content\/uploads\/2022\/03\/trace_lemans-150x150.png 150w, https:\/\/www.rt418.fr\/wp-content\/uploads\/2022\/03\/trace_lemans-300x300.png 300w, https:\/\/www.rt418.fr\/wp-content\/uploads\/2022\/03\/trace_lemans.png 542w\" sizes=\"(max-width: 157px) 100vw, 157px\" \/><\/figure><\/div>\n<\/div>\n\n\n\n<div class=\"is-layout-flow wp-block-column is-vertically-aligned-center\">\n<figure class=\"wp-block-image size-medium is-resized\"><img decoding=\"async\" loading=\"lazy\" src=\"https:\/\/www.rt418.fr\/wp-content\/uploads\/2022\/03\/trace_haute-saintonge-300x300.jpg\" alt=\"\" class=\"wp-image-115\" width=\"224\" height=\"224\" srcset=\"https:\/\/www.rt418.fr\/wp-content\/uploads\/2022\/03\/trace_haute-saintonge-300x300.jpg 300w, https:\/\/www.rt418.fr\/wp-content\/uploads\/2022\/03\/trace_haute-saintonge-150x150.jpg 150w, https:\/\/www.rt418.fr\/wp-content\/uploads\/2022\/03\/trace_haute-saintonge-768x768.jpg 768w, https:\/\/www.rt418.fr\/wp-content\/uploads\/2022\/03\/trace_haute-saintonge.jpg 800w\" sizes=\"(max-width: 224px) 100vw, 224px\" \/><\/figure>\n<\/div>\n\n\n\n<div class=\"is-layout-flow wp-block-column is-vertically-aligned-center\">\n<figure class=\"wp-block-image size-medium is-resized\"><img decoding=\"async\" loading=\"lazy\" src=\"https:\/\/www.rt418.fr\/wp-content\/uploads\/2022\/03\/trace_vigeant-300x300.jpg\" alt=\"\" class=\"wp-image-116\" width=\"237\" height=\"237\" srcset=\"https:\/\/www.rt418.fr\/wp-content\/uploads\/2022\/03\/trace_vigeant-300x300.jpg 300w, https:\/\/www.rt418.fr\/wp-content\/uploads\/2022\/03\/trace_vigeant-150x150.jpg 150w, https:\/\/www.rt418.fr\/wp-content\/uploads\/2022\/03\/trace_vigeant-768x768.jpg 768w, https:\/\/www.rt418.fr\/wp-content\/uploads\/2022\/03\/trace_vigeant.jpg 800w\" sizes=\"(max-width: 237px) 100vw, 237px\" \/><\/figure>\n<\/div>\n<\/div>\n\n\n\n<div class=\"is-layout-flex wp-container-20 wp-block-columns\">\n<div class=\"is-layout-flow wp-block-column\"><\/div>\n\n\n\n<div class=\"is-layout-flow wp-block-column is-vertically-aligned-top\" style=\"flex-basis:200px\">\n<figure class=\"wp-block-image size-thumbnail is-resized\"><img decoding=\"async\" loading=\"lazy\" src=\"https:\/\/www.rt418.fr\/wp-content\/uploads\/2022\/03\/trace_fontenay_cropped-150x150.jpg\" alt=\"\" class=\"wp-image-156\" width=\"137\" height=\"137\"\/><\/figure>\n<\/div>\n\n\n\n<div class=\"is-layout-flow wp-block-column\" style=\"flex-basis:150px\">\n<figure class=\"wp-block-image size-thumbnail is-resized\"><img decoding=\"async\" loading=\"lazy\" src=\"https:\/\/www.rt418.fr\/wp-content\/uploads\/2022\/03\/trace_magny-cours_cropped-150x150.jpg\" alt=\"\" class=\"wp-image-157\" width=\"163\" height=\"163\"\/><\/figure>\n<\/div>\n\n\n\n<div class=\"is-layout-flow wp-block-column\"><\/div>\n<\/div>\n<\/div><\/div>\n\n\n\n<div class=\"is-layout-flow wp-block-group\"><div class=\"wp-block-group__inner-container\">\n<h2 class=\"has-text-align-center\" id=\"reseaux\">Nos r\u00e9seaux sociaux<\/h2>\n\n\n\n<div class=\"is-layout-flex wp-container-25 wp-block-columns\">\n<div class=\"is-layout-flow wp-block-column\">\n<figure class=\"wp-block-image size-medium\"><a href=\"https:\/\/www.instagram.com\/_racingteam418\/?hl=fr\" target=\"_blank\" rel=\"noopener\"><img decoding=\"async\" loading=\"lazy\" width=\"300\" height=\"300\" src=\"https:\/\/www.rt418.fr\/wp-content\/uploads\/2022\/03\/logo_instagram-300x300.png\" alt=\"\" class=\"wp-image-84\" srcset=\"https:\/\/www.rt418.fr\/wp-content\/uploads\/2022\/03\/logo_instagram-300x300.png 300w, https:\/\/www.rt418.fr\/wp-content\/uploads\/2022\/03\/logo_instagram-150x150.png 150w, https:\/\/www.rt418.fr\/wp-content\/uploads\/2022\/03\/logo_instagram-768x768.png 768w, https:\/\/www.rt418.fr\/wp-content\/uploads\/2022\/03\/logo_instagram.png 1000w\" sizes=\"(max-width: 300px) 100vw, 300px\" \/><\/a><\/figure>\n<\/div>\n\n\n\n<div class=\"is-layout-flow wp-block-column\">\n<figure class=\"wp-block-image size-medium\"><a href=\"https:\/\/www.facebook.com\/rt418\" target=\"_blank\" rel=\"noopener\"><img decoding=\"async\" loading=\"lazy\" width=\"300\" height=\"300\" src=\"https:\/\/www.rt418.fr\/wp-content\/uploads\/2022\/03\/facebook-logo-png-6381-300x300.png\" alt=\"\" class=\"wp-image-85\" srcset=\"https:\/\/www.rt418.fr\/wp-content\/uploads\/2022\/03\/facebook-logo-png-6381-300x300.png 300w, https:\/\/www.rt418.fr\/wp-content\/uploads\/2022\/03\/facebook-logo-png-6381-150x150.png 150w, https:\/\/www.rt418.fr\/wp-content\/uploads\/2022\/03\/facebook-logo-png-6381.png 425w\" sizes=\"(max-width: 300px) 100vw, 300px\" \/><\/a><\/figure>\n<\/div>\n\n\n\n<div class=\"is-layout-flow wp-block-column\">\n<figure class=\"wp-block-image size-medium\"><a href=\"https:\/\/www.youtube.com\/channel\/UC_qI2hEUh2yebqeSolfyIvw\" target=\"_blank\" rel=\"noopener\"><img decoding=\"async\" loading=\"lazy\" width=\"300\" height=\"300\" src=\"https:\/\/www.rt418.fr\/wp-content\/uploads\/2022\/03\/logo_YT-300x300.png\" alt=\"\" class=\"wp-image-164\" srcset=\"https:\/\/www.rt418.fr\/wp-content\/uploads\/2022\/03\/logo_YT-300x300.png 300w, https:\/\/www.rt418.fr\/wp-content\/uploads\/2022\/03\/logo_YT-150x150.png 150w, https:\/\/www.rt418.fr\/wp-content\/uploads\/2022\/03\/logo_YT.png 400w\" sizes=\"(max-width: 300px) 100vw, 300px\" \/><\/a><\/figure>\n<\/div>\n<\/div>\n<\/div><\/div>\n\n\n\n<div class=\"is-layout-flow wp-block-group has-text-align-center\"><div class=\"wp-block-group__inner-container\">\n<h2 class=\"has-text-align-center\" id=\"contact-us\">Contactez-nous !<\/h2>\n\n\n\n<div class=\"is-layout-flex wp-container-30 wp-block-columns\">\n<div class=\"is-layout-flow wp-block-column\" style=\"flex-basis:25%\"><\/div>\n\n\n\n<div class=\"is-layout-flow wp-block-column\" style=\"flex-basis:50%\">\n<div class=\"wp-block-contact-form-7-contact-form-selector\">\n<div class=\"wpcf7 no-js\" id=\"wpcf7-f89-o1\" lang=\"en-US\" dir=\"ltr\">\n<div class=\"screen-reader-response\"><p role=\"status\" aria-live=\"polite\" aria-atomic=\"true\"><\/p> <ul><\/ul><\/div>\n<form action=\"\/index.php\/wp-json\/wp\/v2\/pages\/18#wpcf7-f89-o1\" method=\"post\" class=\"wpcf7-form init\" aria-label=\"Contact form\" novalidate=\"novalidate\" data-status=\"init\">\n<div style=\"display: none;\">\n<input type=\"hidden\" name=\"_wpcf7\" value=\"89\" \/>\n<input type=\"hidden\" name=\"_wpcf7_version\" value=\"5.7.4\" \/>\n<input type=\"hidden\" name=\"_wpcf7_locale\" value=\"en_US\" \/>\n<input type=\"hidden\" name=\"_wpcf7_unit_tag\" value=\"wpcf7-f89-o1\" \/>\n<input type=\"hidden\" name=\"_wpcf7_container_post\" value=\"0\" \/>\n<input type=\"hidden\" name=\"_wpcf7_posted_data_hash\" value=\"\" \/>\n<\/div>\n<p><label> Votre nom<br \/>\n<span class=\"wpcf7-form-control-wrap\" data-name=\"your-name\"><input size=\"40\" class=\"wpcf7-form-control wpcf7-text wpcf7-validates-as-required\" aria-required=\"true\" aria-invalid=\"false\" value=\"\" type=\"text\" name=\"your-name\" \/><\/span> <\/label>\n<\/p>\n<p><label> Votre adresse mail<br \/>\n<span class=\"wpcf7-form-control-wrap\" data-name=\"your-email\"><input size=\"40\" class=\"wpcf7-form-control wpcf7-text wpcf7-email wpcf7-validates-as-required wpcf7-validates-as-email\" aria-required=\"true\" aria-invalid=\"false\" value=\"\" type=\"email\" name=\"your-email\" \/><\/span> <\/label>\n<\/p>\n<p><label> Sujet<br \/>\n<span class=\"wpcf7-form-control-wrap\" data-name=\"your-subject\"><input size=\"40\" class=\"wpcf7-form-control wpcf7-text wpcf7-validates-as-required\" aria-required=\"true\" aria-invalid=\"false\" value=\"\" type=\"text\" name=\"your-subject\" \/><\/span> <\/label>\n<\/p>\n<p><label> Votre message<br \/>\n<span class=\"wpcf7-form-control-wrap\" data-name=\"your-message\"><textarea cols=\"40\" rows=\"10\" class=\"wpcf7-form-control wpcf7-textarea wpcf7-validates-as-required\" aria-required=\"true\" aria-invalid=\"false\" name=\"your-message\"><\/textarea><\/span> <\/label>\n<\/p>\n<p><input class=\"wpcf7-form-control has-spinner wpcf7-submit\" type=\"submit\" value=\"Envoyer\" \/>\n<\/p><div class=\"wpcf7-response-output\" aria-hidden=\"true\"><\/div>\n<\/form>\n<\/div>\n<\/div>\n<\/div>\n\n\n\n<div class=\"is-layout-flow wp-block-column\" style=\"flex-basis:25%\"><\/div>\n<\/div>\n<\/div><\/div>\n\n\n\n<p><\/p>\n","protected":false},"excerpt":{"rendered":"<p>Pilote n\u00b01 : Guillaume LECOQ Pilote n\u00b02 : Samuel FONTENEAU Nos vid\u00e9os sont disponibles apr\u00e8s chaque journ\u00e9e sur la cha\u00eene YouTube de Samuel Au cours de la journ\u00e9e, nous sommes visibles sur le paddock Nos partenaires Un immense merci \u00e0 nos partenaires qui nous permettent d&rsquo;avancer dans notre aventure ! Les circuits Nos r\u00e9seaux sociaux&hellip; <br \/> <a class=\"read-more\" href=\"https:\/\/www.rt418.fr\/\">Read more<\/a><\/p>\n","protected":false},"author":1,"featured_media":17,"parent":0,"menu_order":0,"comment_status":"closed","ping_status":"closed","template":"","meta":[],"_links":{"self":[{"href":"https:\/\/www.rt418.fr\/index.php\/wp-json\/wp\/v2\/pages\/18"}],"collection":[{"href":"https:\/\/www.rt418.fr\/index.php\/wp-json\/wp\/v2\/pages"}],"about":[{"href":"https:\/\/www.rt418.fr\/index.php\/wp-json\/wp\/v2\/types\/page"}],"author":[{"embeddable":true,"href":"https:\/\/www.rt418.fr\/index.php\/wp-json\/wp\/v2\/users\/1"}],"replies":[{"embeddable":true,"href":"https:\/\/www.rt418.fr\/index.php\/wp-json\/wp\/v2\/comments?post=18"}],"version-history":[{"count":49,"href":"https:\/\/www.rt418.fr\/index.php\/wp-json\/wp\/v2\/pages\/18\/revisions"}],"predecessor-version":[{"id":171,"href":"https:\/\/www.rt418.fr\/index.php\/wp-json\/wp\/v2\/pages\/18\/revisions\/171"}],"wp:featuredmedia":[{"embeddable":true,"href":"https:\/\/www.rt418.fr\/index.php\/wp-json\/wp\/v2\/media\/17"}],"wp:attachment":[{"href":"https:\/\/www.rt418.fr\/index.php\/wp-json\/wp\/v2\/media?parent=18"}],"curies":[{"name":"wp","href":"https:\/\/api.w.org\/{rel}","templated":true}]}}